{"id":5914,"date":"2018-05-24T16:43:29","date_gmt":"2018-05-24T16:43:29","guid":{"rendered":"http:\/\/www.quirch.com\/chiquita\/?page_id=5914"},"modified":"2018-11-26T18:01:11","modified_gmt":"2018-11-26T18:01:11","slug":"fruit-pulps","status":"publish","type":"page","link":"https:\/\/www.quirch.com\/chiquita\/es\/products\/fruit-pulps\/","title":{"rendered":"Pulpas De Fruta"},"content":{"rendered":"<p>[vc_row el_class=&#8221;MoreProducts&#8221;][vc_column width=&#8221;2\/3&#8243;][vc_column_text el_class=&#8221;Title&#8221; css=&#8221;.vc_custom_1531432997988{margin-top: 28px !important;}&#8221;]<span style=\"font-size: 24pt;\">Pulpas de Fruta Congelada Chiquita<\/span>[\/vc_column_text][vc_column_text css=&#8221;.vc_custom_1534797018313{padding-right: 25px !important;}&#8221;]Hay tantas opciones que c\u00f3mo puedes elegir solo una. \u00a1Esc\u00f3gelas todas!<\/p>\n<p>Disfruta de pulpa de fruta 100% natural en los siguientes sabores: mora, guayaba, mango, papaya, guan\u00e1bana, maracuy\u00e1 (parcha), pi\u00f1a y tamarindo. Estas pulpas de fruta son excelentes para jugos y batidos, y te proporcionan una buena dosis de vitaminas.[\/vc_column_text][vc_basic_grid post_type=&#8221;post&#8221; max_items=&#8221;-1&#8243; gap=&#8221;0&#8243; item=&#8221;6599&#8243; grid_id=&#8221;vc_gid:1534796933909-fba6ee1e-70d7-10&#8243; taxonomies=&#8221;160&#8243;][\/vc_column][vc_column width=&#8221;1\/3&#8243;][vc_empty_space height=&#8221;90&#8243;][vc_column_text]<\/p>\n<p style=\"text-align: center;\"><span style=\"font-size: 14pt; color: #808080;\">M\u00c1S PRODUCTOS<\/span><\/p>\n<p>[\/vc_column_text][vc_raw_html el_class=&#8221;ImgWpzoom&#8221; css=&#8221;.vc_custom_1531883342911{margin-top: 0px !important;margin-bottom: 0px !important;border-bottom-width: 0px !important;padding-bottom: 0px !important;}&#8221;]JTVCd2lkZ2V0JTIwaWQlM0QlMjJ3cHpvb20tbWVkaWEtd2lkZ2V0LTE4JTIyJTVE[\/vc_raw_html][vc_btn title=&#8221;FRUTAS&#8221; style=&#8221;outline-custom&#8221; outline_custom_color=&#8221;#ff4713&#8243; outline_custom_hover_background=&#8221;#ff4713&#8243; outline_custom_hover_text=&#8221;#ffffff&#8221; align=&#8221;center&#8221; button_block=&#8221;true&#8221; el_class=&#8221;BtnParrafo&#8221; link=&#8221;url:http%3A%2F%2Fwww.quirch.com%2Fchiquita%2Fes%2Fproducts%2Ffruits|||&#8221; css=&#8221;.vc_custom_1531914413108{margin-top: 10px !important;margin-bottom: 50px !important;}&#8221;][vc_raw_html el_class=&#8221;ImgWpzoom&#8221; css=&#8221;.vc_custom_1531883335920{margin-top: 0px !important;margin-bottom: 0px !important;border-bottom-width: 0px !important;padding-bottom: 0px !important;}&#8221;]JTVCd2lkZ2V0JTIwaWQlM0QlMjJ3cHpvb20tbWVkaWEtd2lkZ2V0LTIwJTIyJTVE[\/vc_raw_html][vc_btn title=&#8221;PLATANOS &#038; YUCA&#8221; style=&#8221;outline-custom&#8221; outline_custom_color=&#8221;#ff4713&#8243; outline_custom_hover_background=&#8221;#ff4713&#8243; outline_custom_hover_text=&#8221;#ffffff&#8221; align=&#8221;center&#8221; button_block=&#8221;true&#8221; el_class=&#8221;BtnParrafo&#8221; link=&#8221;url:http%3A%2F%2Fwww.quirch.com%2Fchiquita%2Fes%2Fproducts%2Fplantains-yuca|||&#8221; css=&#8221;.vc_custom_1531914474930{margin-top: 10px !important;}&#8221;][\/vc_column][\/vc_row]<\/p>\n","protected":false},"excerpt":{"rendered":"<p>Pulpas De Fruta<\/p>\n","protected":false},"author":4,"featured_media":8878,"parent":6338,"menu_order":0,"comment_status":"closed","ping_status":"closed","template":"page-templates\/full-width.php","meta":{"wprm-recipe-roundup-name":[],"wprm-recipe-roundup-description":[]},"translation":{"provider":"WPGlobus","version":"2.5.14","language":"es","enabled_languages":["en","es"],"languages":{"en":{"title":true,"content":true,"excerpt":true},"es":{"title":true,"content":true,"excerpt":true}}},"_links":{"self":[{"href":"https:\/\/www.quirch.com\/chiquita\/es\/wp-json\/wp\/v2\/pages\/5914"}],"collection":[{"href":"https:\/\/www.quirch.com\/chiquita\/es\/wp-json\/wp\/v2\/pages"}],"about":[{"href":"https:\/\/www.quirch.com\/chiquita\/es\/wp-json\/wp\/v2\/types\/page"}],"author":[{"embeddable":true,"href":"https:\/\/www.quirch.com\/chiquita\/es\/wp-json\/wp\/v2\/users\/4"}],"replies":[{"embeddable":true,"href":"https:\/\/www.quirch.com\/chiquita\/es\/wp-json\/wp\/v2\/comments?post=5914"}],"version-history":[{"count":29,"href":"https:\/\/www.quirch.com\/chiquita\/es\/wp-json\/wp\/v2\/pages\/5914\/revisions"}],"predecessor-version":[{"id":8917,"href":"https:\/\/www.quirch.com\/chiquita\/es\/wp-json\/wp\/v2\/pages\/5914\/revisions\/8917"}],"up":[{"embeddable":true,"href":"https:\/\/www.quirch.com\/chiquita\/es\/wp-json\/wp\/v2\/pages\/6338"}],"wp:featuredmedia":[{"embeddable":true,"href":"https:\/\/www.quirch.com\/chiquita\/es\/wp-json\/wp\/v2\/media\/8878"}],"wp:attachment":[{"href":"https:\/\/www.quirch.com\/chiquita\/es\/wp-json\/wp\/v2\/media?parent=5914"}],"curies":[{"name":"wp","href":"https:\/\/api.w.org\/{rel}","templated":true}]}}