{"id":5916,"date":"2018-05-24T16:43:29","date_gmt":"2018-05-24T16:43:29","guid":{"rendered":"http:\/\/www.quirch.com\/chiquita\/?page_id=5916"},"modified":"2018-07-18T21:36:42","modified_gmt":"2018-07-18T21:36:42","slug":"recipes","status":"publish","type":"page","link":"https:\/\/www.quirch.com\/chiquita\/es\/recipes\/","title":{"rendered":"Recetas"},"content":{"rendered":"<p>[vc_row equal_height=&#8221;yes&#8221; css=&#8221;.vc_custom_1529518286311{margin-top: 0px !important;margin-bottom: 20px !important;border-top-width: 0px !important;border-bottom-width: 0px !important;padding-top: 0px !important;padding-bottom: 0px !important;}&#8221;][vc_column width=&#8221;2\/3&#8243; css=&#8221;.vc_custom_1531509084522{margin-top: 0px !important;margin-right: 0px !important;margin-bottom: 0px !important;margin-left: 0px !important;border-top-width: 0px !important;border-right-width: 0px !important;border-bottom-width: 0px !important;border-left-width: 0px !important;padding-top: 0px !important;padding-right: 0px !important;padding-bottom: 0px !important;padding-left: 13px !important;}&#8221;][vc_column_text el_class=&#8221;Title&#8221;]<span style=\"font-size: 24pt;\">Recetas<\/span>[\/vc_column_text][vc_column_text css=&#8221;.vc_custom_1531497996088{margin-top: 0px !important;margin-right: 0px !important;margin-bottom: 0px !important;margin-left: 0px !important;border-top-width: 0px !important;border-right-width: 0px !important;border-bottom-width: 0px !important;border-left-width: 0px !important;padding-top: 0px !important;padding-right: 0px !important;padding-bottom: 0px !important;padding-left: 0px !important;}&#8221; el_class=&#8221;TextoParrafos&#8221;]Nuestra secci\u00f3n de recetas te ofrece muchas ideas para crear deliciosos platos y combinar los sabores tropicales de Chiquita en tus comidas.<\/p>\n<p>Busca por ingrediente, producto o simplemente navega las categor\u00edas m\u00e1s abajo y as\u00ed encontrar\u00e1s la receta ideal para satisfacer tus antojos.[\/vc_column_text][vc_row_inner equal_height=&#8221;yes&#8221; css=&#8221;.vc_custom_1527886651004{margin-top: 50px !important;margin-bottom: 40px !important;}&#8221;][vc_column_inner][vc_wp_search el_class=&#8221;btnSearch&#8221;][\/vc_column_inner][\/vc_row_inner][vc_row_inner equal_height=&#8221;yes&#8221; css=&#8221;.vc_custom_1527887482567{margin-top: 0px !important;margin-right: 0px !important;margin-bottom: 0px !important;margin-left: 0px !important;border-top-width: 0px !important;border-right-width: 0px !important;border-bottom-width: 0px !important;border-left-width: 0px !important;padding-top: 0px !important;padding-right: 0px !important;padding-bottom: 30px !important;padding-left: 0px !important;}&#8221;][vc_column_inner width=&#8221;1\/2&#8243; css=&#8221;.vc_custom_1527803616743{margin: 0px !important;border-width: 0px !important;padding: 0px !important;}&#8221;][vc_raw_html el_class=&#8221;ImgWpzoom&#8221;]JTVCd2lkZ2V0JTIwaWQlM0QlMjJ3cHpvb20tbWVkaWEtd2lkZ2V0LTE1JTIyJTVE[\/vc_raw_html][vc_column_text css=&#8221;.vc_custom_1530844800222{margin-top: 0px !important;margin-right: 0px !important;margin-bottom: 10px !important;margin-left: 0px !important;border-top-width: 0px !important;border-right-width: 0px !important;border-bottom-width: 10px !important;border-left-width: 0px !important;padding-top: 0px !important;padding-right: 0px !important;padding-bottom: 10px !important;padding-left: 0px !important;}&#8221; el_class=&#8221;TextoParrafosReceta&#8221;]<\/p>\n<p class=\"TextoParrafosRecetas\"><span style=\"font-size: 12pt;\">\u00a1Desde postres a desayunos, estas recetas tienen todo el dulce que necesitas!<\/span><\/p>\n<p>[\/vc_column_text][vc_btn title=&#8221;RECETAS DE DULCE&#8221; style=&#8221;outline-custom&#8221; outline_custom_color=&#8221;#ff4713&#8243; outline_custom_hover_background=&#8221;#ff4713&#8243; outline_custom_hover_text=&#8221;#ffffff&#8221; align=&#8221;center&#8221; button_block=&#8221;true&#8221; css=&#8221;.vc_custom_1531913860687{padding-left: 40px !important;background-color: rgba(255,255,255,0.01) !important;*background-color: rgb(255,255,255) !important;}&#8221; el_class=&#8221;BtnParrafoRecipe&#8221; link=&#8221;url:http%3A%2F%2Fwww.quirch.com%2Fchiquita%2Fes%2Frecipes%2Fsweet-recipes|||&#8221;][\/vc_column_inner][vc_column_inner width=&#8221;1\/2&#8243; css=&#8221;.vc_custom_1527843645228{margin: 0px !important;border-width: 0px !important;padding: 0px !important;}&#8221;][vc_raw_html el_class=&#8221;ImgWpzoom&#8221;]JTVCd2lkZ2V0JTIwaWQlM0QlMjJ3cHpvb20tbWVkaWEtd2lkZ2V0LTE0JTIyJTVE[\/vc_raw_html][vc_column_text el_class=&#8221;TextoParrafosReceta&#8221; css=&#8221;.vc_custom_1530844872648{margin-top: 0px !important;margin-right: 0px !important;margin-bottom: 10px !important;margin-left: 0px !important;border-top-width: 0px !important;border-right-width: 0px !important;border-bottom-width: 10px !important;border-left-width: 0px !important;padding-top: 0px !important;padding-right: 0px !important;padding-bottom: 10px !important;padding-left: 0px !important;}&#8221;]<\/p>\n<p class=\"TextoParrafosRecetas\"><span style=\"font-size: 12pt;\">\u00a1No dejes que la preparaci\u00f3n te atrase, hemos hecho todo el trabajo por ti!<\/span><\/p>\n<p>[\/vc_column_text][vc_btn title=&#8221;ACOMPA\u00d1ANTES&#8221; style=&#8221;outline-custom&#8221; outline_custom_color=&#8221;#ff4713&#8243; outline_custom_hover_background=&#8221;#ff4713&#8243; outline_custom_hover_text=&#8221;#ffffff&#8221; align=&#8221;center&#8221; button_block=&#8221;true&#8221; css=&#8221;.vc_custom_1531913877148{padding-left: 40px !important;background-color: rgba(255,255,255,0.01) !important;*background-color: rgb(255,255,255) !important;}&#8221; el_class=&#8221;BtnParrafoRecipe&#8221; link=&#8221;url:http%3A%2F%2Fwww.quirch.com%2Fchiquita%2Fes%2Frecipes%2Fside-dishes|||&#8221;][\/vc_column_inner][\/vc_row_inner][vc_row_inner equal_height=&#8221;yes&#8221; css=&#8221;.vc_custom_1527802497590{margin-top: 0px !important;margin-right: 0px !important;margin-bottom: 0px !important;margin-left: 0px !important;border-top-width: 0px !important;border-right-width: 0px !important;border-bottom-width: 0px !important;border-left-width: 0px !important;padding-top: 0px !important;padding-right: 0px !important;padding-bottom: 0px !important;padding-left: 0px !important;}&#8221;][vc_column_inner width=&#8221;1\/2&#8243; css=&#8221;.vc_custom_1527803652216{margin: 0px !important;border-width: 0px !important;padding: 0px !important;}&#8221;][vc_raw_html el_class=&#8221;ImgWpzoom&#8221;]JTVCd2lkZ2V0JTIwaWQlM0QlMjJ3cHpvb20tbWVkaWEtd2lkZ2V0LTE2JTIyJTVE[\/vc_raw_html][vc_column_text css=&#8221;.vc_custom_1530844913895{margin-top: 0px !important;margin-right: 0px !important;margin-bottom: 10px !important;margin-left: 0px !important;border-top-width: 0px !important;border-right-width: 0px !important;border-bottom-width: 10px !important;border-left-width: 0px !important;padding-top: 0px !important;padding-right: 0px !important;padding-bottom: 10px !important;padding-left: 0px !important;}&#8221; el_class=&#8221;TextoParrafosReceta&#8221;]<\/p>\n<p class=\"TextoParrafosRecetas\"><span style=\"font-size: 12pt;\">\u00a1No dejes que la preparaci\u00f3n te atrase, hemos hecho todo el trabajo por ti!<\/span><\/p>\n<p>[\/vc_column_text][vc_btn title=&#8221;RECETAS DE SAL&#8221; style=&#8221;outline-custom&#8221; outline_custom_color=&#8221;#ff4713&#8243; outline_custom_hover_background=&#8221;#ff4713&#8243; outline_custom_hover_text=&#8221;#ffffff&#8221; align=&#8221;center&#8221; button_block=&#8221;true&#8221; css=&#8221;.vc_custom_1531913890447{padding-left: 40px !important;background-color: rgba(255,255,255,0.01) !important;*background-color: rgb(255,255,255) !important;}&#8221; el_class=&#8221;BtnParrafoRecipe&#8221; link=&#8221;url:http%3A%2F%2Fwww.quirch.com%2Fchiquita%2Fes%2Frecipes%2Fsavory-recipes|||&#8221;][\/vc_column_inner][vc_column_inner width=&#8221;1\/2&#8243; css=&#8221;.vc_custom_1527803668495{margin: 0px !important;border-width: 0px !important;padding: 0px !important;}&#8221;][vc_raw_html el_class=&#8221;ImgWpzoom&#8221;]JTVCd2lkZ2V0JTIwaWQlM0QlMjJ3cHpvb20tbWVkaWEtd2lkZ2V0LTE3JTIyJTVE[\/vc_raw_html][vc_column_text css=&#8221;.vc_custom_1530844930231{margin-top: 0px !important;margin-right: 0px !important;margin-bottom: 10px !important;margin-left: 0px !important;border-top-width: 0px !important;border-right-width: 0px !important;border-bottom-width: 10px !important;border-left-width: 0px !important;padding-top: 0px !important;padding-right: 0px !important;padding-bottom: 10px !important;padding-left: 0px !important;}&#8221; el_class=&#8221;TextoParrafosReceta&#8221;]<\/p>\n<p class=\"TextoParrafosRecetas\"><span style=\"font-size: 12pt;\">\u00a1Las posibilidades son infinitas con estas sabrosas y refrescantes combinaciones!<\/span><\/p>\n<p>[\/vc_column_text][vc_btn title=&#8221;RECETAS DE BATIDOS&#8221; style=&#8221;outline-custom&#8221; outline_custom_color=&#8221;#ff4713&#8243; outline_custom_hover_background=&#8221;#ff4713&#8243; outline_custom_hover_text=&#8221;#ffffff&#8221; align=&#8221;center&#8221; button_block=&#8221;true&#8221; css=&#8221;.vc_custom_1531913933885{padding-left: 40px !important;background-color: rgba(255,255,255,0.01) !important;*background-color: rgb(255,255,255) !important;}&#8221; el_class=&#8221;BtnParrafoRecipe&#8221; link=&#8221;url:http%3A%2F%2Fwww.quirch.com%2Fchiquita%2Fes%2Frecipes%2Fsmoothie-recipes%2F|||&#8221;][\/vc_column_inner][\/vc_row_inner][\/vc_column][vc_column width=&#8221;1\/3&#8243;][vc_column_text el_class=&#8221;TitleSeg&#8221; css=&#8221;.vc_custom_1531495627279{margin-top: 0px !important;margin-right: 0px !important;margin-bottom: 0px !important;margin-left: 0px !important;border-top-width: 0px !important;border-right-width: 0px !important;border-bottom-width: 0px !important;border-left-width: 0px !important;padding-top: 0px !important;padding-right: 0px !important;padding-bottom: 40px !important;padding-left: 0px !important;}&#8221;]<\/p>\n<p style=\"text-align: center;\"><span style=\"font-size: 14pt; color: #808080;\">RECETAS DESTACADAS<\/span><\/p>\n<p>[\/vc_column_text][vc_basic_grid post_type=&#8221;post&#8221; max_items=&#8221;4&#8243; element_width=&#8221;12&#8243; item=&#8221;6123&#8243; grid_id=&#8221;vc_gid:1531913835095-1af3015d-c87c-6&#8243; css=&#8221;.vc_custom_1527885403866{margin-top: 0px !important;margin-right: 0px !important;margin-bottom: 0px !important;margin-left: 0px !important;border-top-width: 0px !important;border-right-width: 0px !important;border-bottom-width: 0px !important;border-left-width: 0px !important;padding-top: 0px !important;padding-right: 0px !important;padding-bottom: 0px !important;padding-left: 0px !important;background-color: #ffffff !important;}&#8221; el_class=&#8221;BlogFeatured&#8221; taxonomies=&#8221;40&#8243;][\/vc_column][\/vc_row]<\/p>\n","protected":false},"excerpt":{"rendered":"<p>Nuestras Recetas<\/p>\n","protected":false},"author":4,"featured_media":5850,"parent":0,"menu_order":0,"comment_status":"closed","ping_status":"closed","template":"page-templates\/full-width.php","meta":{"wprm-recipe-roundup-name":[],"wprm-recipe-roundup-description":[]},"translation":{"provider":"WPGlobus","version":"2.5.14","language":"es","enabled_languages":["en","es"],"languages":{"en":{"title":true,"content":true,"excerpt":true},"es":{"title":true,"content":true,"excerpt":true}}},"_links":{"self":[{"href":"https:\/\/www.quirch.com\/chiquita\/es\/wp-json\/wp\/v2\/pages\/5916"}],"collection":[{"href":"https:\/\/www.quirch.com\/chiquita\/es\/wp-json\/wp\/v2\/pages"}],"about":[{"href":"https:\/\/www.quirch.com\/chiquita\/es\/wp-json\/wp\/v2\/types\/page"}],"author":[{"embeddable":true,"href":"https:\/\/www.quirch.com\/chiquita\/es\/wp-json\/wp\/v2\/users\/4"}],"replies":[{"embeddable":true,"href":"https:\/\/www.quirch.com\/chiquita\/es\/wp-json\/wp\/v2\/comments?post=5916"}],"version-history":[{"count":171,"href":"https:\/\/www.quirch.com\/chiquita\/es\/wp-json\/wp\/v2\/pages\/5916\/revisions"}],"predecessor-version":[{"id":8554,"href":"https:\/\/www.quirch.com\/chiquita\/es\/wp-json\/wp\/v2\/pages\/5916\/revisions\/8554"}],"wp:featuredmedia":[{"embeddable":true,"href":"https:\/\/www.quirch.com\/chiquita\/es\/wp-json\/wp\/v2\/media\/5850"}],"wp:attachment":[{"href":"https:\/\/www.quirch.com\/chiquita\/es\/wp-json\/wp\/v2\/media?parent=5916"}],"curies":[{"name":"wp","href":"https:\/\/api.w.org\/{rel}","templated":true}]}}