{"id":5917,"date":"2018-05-24T16:43:29","date_gmt":"2018-05-24T16:43:29","guid":{"rendered":"http:\/\/www.quirch.com\/chiquita\/?page_id=5917"},"modified":"2019-12-02T15:59:06","modified_gmt":"2019-12-02T15:59:06","slug":"quality-promise","status":"publish","type":"page","link":"https:\/\/www.quirch.com\/chiquita\/es\/quality-promise\/","title":{"rendered":"Promesa De Calidad"},"content":{"rendered":"<p>[vc_row][vc_column][vc_column_text el_class=&#8221;Title&#8221;]<span style=\"font-size: 24pt;\">Promesa de Calidad<\/span>[\/vc_column_text][\/vc_column][\/vc_row][vc_row][vc_column][\/vc_column][\/vc_row][vc_row][vc_column width=&#8221;2\/3&#8243;][vc_column_text css=&#8221;.vc_custom_1531773661511{margin-top: 40px !important;padding-right: 25px !important;}&#8221; el_class=&#8221;TextoParrafos&#8221;]En Quirch Foods, estamos enfocados en distribuir productos de la m\u00e1s alta calidad con el m\u00e1ximo cuidado, inspecci\u00f3n detallada y administraci\u00f3n de procesos.<\/p>\n<p>Chiquita tiene el mismo enfoque. Ofrecemos toda la tradici\u00f3n y calidad de nuestros vegetales tropicales, pulpas de frutas y frutas congeladas bajo la legendaria marca Chiquita.<\/p>\n<p>Nuestra l\u00ednea Chiquita ofrece los productos m\u00e1s deliciosos y de la m\u00e1s alta calidad de todo el mundo: 100% naturales, sin gluten y honestamente tradicional. Adem\u00e1s, varios de nuestros productos no tienen az\u00facares agregados, saborizantes o conservantes artificiales y son kosher o no son organismos modificados gen\u00e9ticamente.<\/p>\n<p>Si desea obtener m\u00e1s informaci\u00f3n sobre nuestro departamento de control de calidad y los procedimientos de inspecci\u00f3n, visite:\u00a0<a style=\"color: #ff4713;\" href=\"http:\/\/www.quirchfoods.com\/quality\/\" target=\"_blank\" rel=\"noopener noreferrer\">www.quirchfoods.com\/quality<\/a>[\/vc_column_text][\/vc_column][vc_column width=&#8221;1\/3&#8243;][vc_single_image image=&#8221;9105&#8243; img_size=&#8221;medium&#8221; alignment=&#8221;center&#8221; css=&#8221;.vc_custom_1575302245976{margin-top: 30px !important;}&#8221;][\/vc_column][\/vc_row][vc_row][vc_column][vc_column_text el_class=&#8221;SubtitleHome&#8221; css=&#8221;.vc_custom_1531758558906{margin-top: 0px !important;margin-right: 0px !important;margin-bottom: 0px !important;margin-left: 0px !important;border-top-width: 0px !important;border-right-width: 0px !important;border-bottom-width: 0px !important;border-left-width: 0px !important;padding-top: 0px !important;padding-right: 0px !important;padding-bottom: 0px !important;padding-left: 0px !important;}&#8221;]<strong>PRODUCTOS<\/strong>[\/vc_column_text][vc_basic_grid post_type=&#8221;post&#8221; max_items=&#8221;4&#8243; element_width=&#8221;3&#8243; item=&#8221;7588&#8243; grid_id=&#8221;vc_gid:1575302212045-001be491-90b7-4&#8243; taxonomies=&#8221;39&#8243;][vc_btn title=&#8221;EXPLORAR MAS PRODUCTOS&#8221; style=&#8221;outline-custom&#8221; outline_custom_color=&#8221;#ff4713&#8243; outline_custom_hover_background=&#8221;#ff4713&#8243; outline_custom_hover_text=&#8221;#ffffff&#8221; align=&#8221;center&#8221; link=&#8221;url:http%3A%2F%2Fwww.quirch.com%2Fchiquita%2Fes%2Fproducts|||&#8221;][\/vc_column][\/vc_row]<\/p>\n","protected":false},"excerpt":{"rendered":"<p>Nuestra Promesa de Calidad<\/p>\n","protected":false},"author":4,"featured_media":7965,"parent":0,"menu_order":0,"comment_status":"closed","ping_status":"closed","template":"page-templates\/full-width.php","meta":{"wprm-recipe-roundup-name":[],"wprm-recipe-roundup-description":[]},"translation":{"provider":"WPGlobus","version":"2.5.14","language":"es","enabled_languages":["en","es"],"languages":{"en":{"title":true,"content":true,"excerpt":true},"es":{"title":true,"content":true,"excerpt":true}}},"_links":{"self":[{"href":"https:\/\/www.quirch.com\/chiquita\/es\/wp-json\/wp\/v2\/pages\/5917"}],"collection":[{"href":"https:\/\/www.quirch.com\/chiquita\/es\/wp-json\/wp\/v2\/pages"}],"about":[{"href":"https:\/\/www.quirch.com\/chiquita\/es\/wp-json\/wp\/v2\/types\/page"}],"author":[{"embeddable":true,"href":"https:\/\/www.quirch.com\/chiquita\/es\/wp-json\/wp\/v2\/users\/4"}],"replies":[{"embeddable":true,"href":"https:\/\/www.quirch.com\/chiquita\/es\/wp-json\/wp\/v2\/comments?post=5917"}],"version-history":[{"count":35,"href":"https:\/\/www.quirch.com\/chiquita\/es\/wp-json\/wp\/v2\/pages\/5917\/revisions"}],"predecessor-version":[{"id":9109,"href":"https:\/\/www.quirch.com\/chiquita\/es\/wp-json\/wp\/v2\/pages\/5917\/revisions\/9109"}],"wp:featuredmedia":[{"embeddable":true,"href":"https:\/\/www.quirch.com\/chiquita\/es\/wp-json\/wp\/v2\/media\/7965"}],"wp:attachment":[{"href":"https:\/\/www.quirch.com\/chiquita\/es\/wp-json\/wp\/v2\/media?parent=5917"}],"curies":[{"name":"wp","href":"https:\/\/api.w.org\/{rel}","templated":true}]}}